{"id":98,"date":"2014-12-17T14:03:09","date_gmt":"2014-12-17T14:03:09","guid":{"rendered":"http:\/\/unicom.designadventures.at\/wordpress\/?page_id=98"},"modified":"2015-09-07T18:12:13","modified_gmt":"2015-09-07T16:12:13","slug":"die-kreativagentur","status":"publish","type":"page","link":"https:\/\/www.unicomdirect.at\/site\/agentur-leistungen\/die-kreativagentur\/","title":{"rendered":"Die Kreativagentur"},"content":{"rendered":"<h1><span style=\"color: #000080;\">Liefertermin &#8222;gestern&#8220;, der Zeitdruck und die Kreativagentur<\/span><\/h1>\n<p style=\"text-align: justify;\">Alle Auftr\u00e4ge sind wichtig, brauchen die richtige Menge an Aufmerksamkeit\u00a0und sollen innerhalb von Stunden umgesetzt werden &#8211; die Kreativagentur und ihr Team hat (fast) alles erlebt und wei\u00df, wie wichtig Ihr Projekt ist. Es kann sein, dass die ultimative Idee den Kollegen\u00a0innerhalb von 5 Minuten einf\u00e4llt&#8230; oder nach einer Tasse Kaffee. Am Ende des Tages ist Ihr Feedback f\u00fcr Sie das Wichtigste.<\/p>\n<h1 style=\"text-align: justify;\"><span style=\"color: #000080;\">Werbemittel, Print &amp; Co<\/span><\/h1>\n<p style=\"text-align: justify;\">Wir sind\u00a0immer noch eine klassische Direkt Marketing Agentur und\u00a0drucken immer noch gerne alles und \u00fcberall &#8211;\u00a0das machen wir ja schlie\u00dflich bereits seit \u00fcber 20 Jahren! Selbstverst\u00e4ndlich betreuen wir Sie in der Produktion Ihrer Werbemittel\u00a0von der ersten Idee \u00fcber das Konzept und Layout bis zum fertig gedruckten Produkt. Die Ergebnisse k\u00f6nnen sich sehen lassen, unabh\u00e4ngig davon ob wir \u00fcber Corporate Design, Produktion von Katalogen oder Entwicklung und Umsetzung von Imagekampagnen reden.<\/p>\n<h1 style=\"text-align: justify;\"><span style=\"color: #000080;\">Video und Animation\u00a0<\/span><\/h1>\n<p style=\"text-align: justify;\">F\u00fcr die Pr\u00e4sentation von Produkten und Services \u2013 Online, Inhouse, Trainings oder f\u00fcr Event und Messen \u2013 sind professionell gestaltete Videos oder animierte Dateien unerl\u00e4sslich. Unicomdirect bietet das vollst\u00e4ndige Service vom Storyboard bis zur mehrsprachigen Vertonung (inklusive Sicherung alles Rechte) an. <a title=\"Microsoft - Official \" href=\"http:\/\/www.microsoft.com\/de-at\/\" target=\"_blank\">Microsoft<\/a> pr\u00e4sentierten das Office 365 mit animiertem Spot; <a title=\"Hewlett Packard - Official\" href=\"http:\/\/www.hp.com\/\" target=\"_blank\">Hewlett Packard<\/a> starteten die &#8222;Back to School&#8220; Kampagne mit einem coolen Instore Video; <a title=\"McAfee International\" href=\"http:\/\/www.mcafee.com\" target=\"_blank\">McAfee International<\/a>\u00a0brachte\u00a0das Produkt\u00a0<a title=\"McAfee LiveSafe - Official\" href=\"http:\/\/home.mcafee.com\/store\/mcafee-livesafe\" target=\"_blank\">McAfee LiveSafe!\u2122<\/a> den Kunden in 7 Sprachen n\u00e4her &#8211; alles mit der Beratung und Unterst\u00fctzung der Kreativagentur &#8211; unicomdirect.<\/p>\n<h1><span style=\"color: #000080;\">Eventorganisation <\/span><\/h1>\n<p style=\"text-align: justify;\">Events stellen die pers\u00f6nliche Visitenkarte Ihres Unternehmens dar. Vertrauen Sie auf die\u00a0langj\u00e4hrige Erfahrung der Kreativagentur\u00a0in der Eventorganisation, damit Ihre Veranstaltung zu einem unvergleichlichen Erlebnis wird.\u00a0Wir bieten:<\/p>\n<ul>\n<li>Planung und Organisation<\/li>\n<li>die passende Location zu Ihrem Event<\/li>\n<li>geschultes Betreuungspersonal<\/li>\n<li>Catering von A wie Asia bis Z wie zypriotische Kost<\/li>\n<li>gestylte Werbemittel von E wie Einladung bis G wie Give Away<\/li>\n<li>Registrierung der Teilnehmer<\/li>\n<li>Vorort-Betreuung w\u00e4hrend des Events<\/li>\n<li>Nachbetreuung<\/li>\n<li>Eventfeedback und Reporting<\/li>\n<\/ul>\n<p>&nbsp;<\/p>\n<p>&nbsp;<\/p>\n","protected":false},"excerpt":{"rendered":"<p>Liefertermin &#8222;gestern&#8220;, der Zeitdruck und die Kreativagentur Alle Auftr\u00e4ge sind wichtig, brauchen die richtige Menge an Aufmerksamkeit\u00a0und sollen innerhalb von Stunden umgesetzt werden &#8211; die Kreativagentur und ihr Team hat (fast) alles erlebt und wei\u00df, wie wichtig Ihr Projekt ist. Es kann sein, dass die ultimative Idee den Kollegen\u00a0innerhalb von 5 Minuten einf\u00e4llt&#8230; oder nach [&hellip;]<\/p>\n","protected":false},"author":1,"featured_media":0,"parent":57,"menu_order":0,"comment_status":"open","ping_status":"open","template":"page-full.php","meta":{"footnotes":""},"yoast_head":"<!-- This site is optimized with the Yoast SEO plugin v22.0 - https:\/\/yoast.com\/wordpress\/plugins\/seo\/ -->\n<title>Kreativagentur - unicomdirect - Discover New Horizons<\/title>\n<meta name=\"description\" content=\"Animation, die Produkte erkl\u00e4ren oder ein Corporate Design, das sich sehen l\u00e4sst. Vielleicht ein Event, \u00fcber das alle reden - die Kreativagentur macht es.\" \/>\n<meta name=\"robots\" content=\"index, follow, max-snippet:-1, max-image-preview:large, max-video-preview:-1\" \/>\n<link rel=\"canonical\" href=\"http:\/\/www.unicomdirect.at\/site\/agentur-leistungen\/die-kreativagentur\/\" \/>\n<meta property=\"og:locale\" content=\"de_DE\" \/>\n<meta property=\"og:type\" content=\"article\" \/>\n<meta property=\"og:title\" content=\"Kreativagentur - unicomdirect - Discover New Horizons\" \/>\n<meta property=\"og:description\" content=\"Animation, die Produkte erkl\u00e4ren oder ein Corporate Design, das sich sehen l\u00e4sst. Vielleicht ein Event, \u00fcber das alle reden - die Kreativagentur macht es.\" \/>\n<meta property=\"og:url\" content=\"http:\/\/www.unicomdirect.at\/site\/agentur-leistungen\/die-kreativagentur\/\" \/>\n<meta property=\"og:site_name\" content=\"unicomdirect\" \/>\n<meta property=\"article:publisher\" content=\"https:\/\/www.facebook.com\/Unicomdirect\" \/>\n<meta property=\"article:modified_time\" content=\"2015-09-07T16:12:13+00:00\" \/>\n<meta name=\"twitter:card\" content=\"summary_large_image\" \/>\n<meta name=\"twitter:site\" content=\"@unicomdirect\" \/>\n<meta name=\"twitter:label1\" content=\"Gesch\u00e4tzte Lesezeit\" \/>\n\t<meta name=\"twitter:data1\" content=\"2\u00a0Minuten\" \/>\n<script type=\"application\/ld+json\" class=\"yoast-schema-graph\">{\"@context\":\"https:\/\/schema.org\",\"@graph\":[{\"@type\":\"WebPage\",\"@id\":\"http:\/\/www.unicomdirect.at\/site\/agentur-leistungen\/die-kreativagentur\/\",\"url\":\"http:\/\/www.unicomdirect.at\/site\/agentur-leistungen\/die-kreativagentur\/\",\"name\":\"Kreativagentur - unicomdirect - Discover New Horizons\",\"isPartOf\":{\"@id\":\"http:\/\/www.unicomdirect.at\/site\/#website\"},\"datePublished\":\"2014-12-17T14:03:09+00:00\",\"dateModified\":\"2015-09-07T16:12:13+00:00\",\"description\":\"Animation, die Produkte erkl\u00e4ren oder ein Corporate Design, das sich sehen l\u00e4sst. Vielleicht ein Event, \u00fcber das alle reden - die Kreativagentur macht es.\",\"breadcrumb\":{\"@id\":\"http:\/\/www.unicomdirect.at\/site\/agentur-leistungen\/die-kreativagentur\/#breadcrumb\"},\"inLanguage\":\"de\",\"potentialAction\":[{\"@type\":\"ReadAction\",\"target\":[\"http:\/\/www.unicomdirect.at\/site\/agentur-leistungen\/die-kreativagentur\/\"]}]},{\"@type\":\"BreadcrumbList\",\"@id\":\"http:\/\/www.unicomdirect.at\/site\/agentur-leistungen\/die-kreativagentur\/#breadcrumb\",\"itemListElement\":[{\"@type\":\"ListItem\",\"position\":1,\"name\":\"Home\",\"item\":\"http:\/\/www.unicomdirect.at\/site\/\"},{\"@type\":\"ListItem\",\"position\":2,\"name\":\"Agentur Leistungen\",\"item\":\"http:\/\/www.unicomdirect.at\/site\/agentur-leistungen\/\"},{\"@type\":\"ListItem\",\"position\":3,\"name\":\"Die Kreativagentur\"}]},{\"@type\":\"WebSite\",\"@id\":\"http:\/\/www.unicomdirect.at\/site\/#website\",\"url\":\"http:\/\/www.unicomdirect.at\/site\/\",\"name\":\"unicomdirect\",\"description\":\"&quot;Discover new horizons&quot;\",\"potentialAction\":[{\"@type\":\"SearchAction\",\"target\":{\"@type\":\"EntryPoint\",\"urlTemplate\":\"http:\/\/www.unicomdirect.at\/site\/?s={search_term_string}\"},\"query-input\":\"required name=search_term_string\"}],\"inLanguage\":\"de\"}]}<\/script>\n<!-- \/ Yoast SEO plugin. -->","yoast_head_json":{"title":"Kreativagentur - unicomdirect - Discover New Horizons","description":"Animation, die Produkte erkl\u00e4ren oder ein Corporate Design, das sich sehen l\u00e4sst. Vielleicht ein Event, \u00fcber das alle reden - die Kreativagentur macht es.","robots":{"index":"index","follow":"follow","max-snippet":"max-snippet:-1","max-image-preview":"max-image-preview:large","max-video-preview":"max-video-preview:-1"},"canonical":"http:\/\/www.unicomdirect.at\/site\/agentur-leistungen\/die-kreativagentur\/","og_locale":"de_DE","og_type":"article","og_title":"Kreativagentur - unicomdirect - Discover New Horizons","og_description":"Animation, die Produkte erkl\u00e4ren oder ein Corporate Design, das sich sehen l\u00e4sst. Vielleicht ein Event, \u00fcber das alle reden - die Kreativagentur macht es.","og_url":"http:\/\/www.unicomdirect.at\/site\/agentur-leistungen\/die-kreativagentur\/","og_site_name":"unicomdirect","article_publisher":"https:\/\/www.facebook.com\/Unicomdirect","article_modified_time":"2015-09-07T16:12:13+00:00","twitter_card":"summary_large_image","twitter_site":"@unicomdirect","twitter_misc":{"Gesch\u00e4tzte Lesezeit":"2\u00a0Minuten"},"schema":{"@context":"https:\/\/schema.org","@graph":[{"@type":"WebPage","@id":"http:\/\/www.unicomdirect.at\/site\/agentur-leistungen\/die-kreativagentur\/","url":"http:\/\/www.unicomdirect.at\/site\/agentur-leistungen\/die-kreativagentur\/","name":"Kreativagentur - unicomdirect - Discover New Horizons","isPartOf":{"@id":"http:\/\/www.unicomdirect.at\/site\/#website"},"datePublished":"2014-12-17T14:03:09+00:00","dateModified":"2015-09-07T16:12:13+00:00","description":"Animation, die Produkte erkl\u00e4ren oder ein Corporate Design, das sich sehen l\u00e4sst. Vielleicht ein Event, \u00fcber das alle reden - die Kreativagentur macht es.","breadcrumb":{"@id":"http:\/\/www.unicomdirect.at\/site\/agentur-leistungen\/die-kreativagentur\/#breadcrumb"},"inLanguage":"de","potentialAction":[{"@type":"ReadAction","target":["http:\/\/www.unicomdirect.at\/site\/agentur-leistungen\/die-kreativagentur\/"]}]},{"@type":"BreadcrumbList","@id":"http:\/\/www.unicomdirect.at\/site\/agentur-leistungen\/die-kreativagentur\/#breadcrumb","itemListElement":[{"@type":"ListItem","position":1,"name":"Home","item":"http:\/\/www.unicomdirect.at\/site\/"},{"@type":"ListItem","position":2,"name":"Agentur Leistungen","item":"http:\/\/www.unicomdirect.at\/site\/agentur-leistungen\/"},{"@type":"ListItem","position":3,"name":"Die Kreativagentur"}]},{"@type":"WebSite","@id":"http:\/\/www.unicomdirect.at\/site\/#website","url":"http:\/\/www.unicomdirect.at\/site\/","name":"unicomdirect","description":"&quot;Discover new horizons&quot;","potentialAction":[{"@type":"SearchAction","target":{"@type":"EntryPoint","urlTemplate":"http:\/\/www.unicomdirect.at\/site\/?s={search_term_string}"},"query-input":"required name=search_term_string"}],"inLanguage":"de"}]}},"_links":{"self":[{"href":"https:\/\/www.unicomdirect.at\/site\/wp-json\/wp\/v2\/pages\/98"}],"collection":[{"href":"https:\/\/www.unicomdirect.at\/site\/wp-json\/wp\/v2\/pages"}],"about":[{"href":"https:\/\/www.unicomdirect.at\/site\/wp-json\/wp\/v2\/types\/page"}],"author":[{"embeddable":true,"href":"https:\/\/www.unicomdirect.at\/site\/wp-json\/wp\/v2\/users\/1"}],"replies":[{"embeddable":true,"href":"https:\/\/www.unicomdirect.at\/site\/wp-json\/wp\/v2\/comments?post=98"}],"version-history":[{"count":1,"href":"https:\/\/www.unicomdirect.at\/site\/wp-json\/wp\/v2\/pages\/98\/revisions"}],"predecessor-version":[{"id":1117,"href":"https:\/\/www.unicomdirect.at\/site\/wp-json\/wp\/v2\/pages\/98\/revisions\/1117"}],"up":[{"embeddable":true,"href":"https:\/\/www.unicomdirect.at\/site\/wp-json\/wp\/v2\/pages\/57"}],"wp:attachment":[{"href":"https:\/\/www.unicomdirect.at\/site\/wp-json\/wp\/v2\/media?parent=98"}],"curies":[{"name":"wp","href":"https:\/\/api.w.org\/{rel}","templated":true}]}}