{"id":90,"date":"2014-12-17T14:02:00","date_gmt":"2014-12-17T14:02:00","guid":{"rendered":"http:\/\/unicom.designadventures.at\/wordpress\/?page_id=90"},"modified":"2015-09-07T18:12:48","modified_gmt":"2015-09-07T16:12:48","slug":"die-webagentur","status":"publish","type":"page","link":"https:\/\/www.unicomdirect.at\/site\/agentur-leistungen\/die-webagentur\/","title":{"rendered":"Die Webagentur"},"content":{"rendered":"<h1 style=\"text-align: justify;\"><span style=\"color: #000080;\">Online erfolgreich und sichtbar im Internet mit unserer Webagentur<\/span><\/h1>\n<p style=\"text-align: justify;\"><span style=\"color: #000000;\">Potenzielle Kunden online zu gewinnen, ist es schwer und kostet manchmal extrem viel Zeit &#8211; aber es ist nicht unm\u00f6glich. Passende L\u00f6sung, Plattform, Social Media Kan\u00e4le. App oder \u00fcberarbeitete Homepage &#8211; das sind keine Tricks, sondern Mittel zu Ihrem Zweck &#8211; Kunden generieren. Hier ist sind ein paar Tipps von unserer Webagentur, worauf Sie Wert legen sollen, wenn Sie sich nach der richtigen &#8222;online&#8220; Weg f\u00fcr Ihr Unternehmen fragen. \u00a0\u00a0<\/span><\/p>\n<h1 style=\"text-align: justify;\"><span style=\"color: #000080;\">Webdesign\u00a0<\/span><\/h1>\n<p style=\"text-align: justify;\"><span style=\"color: #000000;\">Das beste Webdesign der Welt hilft Ihnen nichts, wenn Ihre online Visitenkarte\u00a0nicht verstanden und gefunden\u00a0wird. Einfachheit, intuitive Bedienung und hoher Wiedererkennungswert sind ein paar der Kernelemente einer guten Website. Kreative Domain,\u00a0Browser-unabh\u00e4ngige Entwicklungen aller Funktionen sowie Optimierung f\u00fcr mobile Ger\u00e4te&#8230; die Liste ist lang, aber nicht unendlich.<\/span><\/p>\n<h1 style=\"text-align: justify;\"><span style=\"color: #000080;\">Suchmaschinen Optimierung (SEO)\u00a0<\/span><\/h1>\n<p style=\"text-align: justify;\"><span style=\"color: #000000;\">Nachdem Sie eine Internetseite haben, stehen Sie vor der n\u00e4chsten Herausforderung &#8211; &#8222;Wie mache ich sie f\u00fcr die Suchmaschinen\u00a0(wie Google, Yahoo, Bing) sichtbar und auf dieser Art und Weise f\u00fcr viele Menschen erreichbar?&#8220; Die schlechte Nachricht &#8211; es passiert nicht von heute auf morgen. Es dauert. Die gute Nachricht &#8211; es ist m\u00f6glich. Aber auch hier m\u00fcssen wir folgendes sagen &#8222;Es dauert&#8220;. Wir, von der Webagentur, k\u00f6nnen folgendes sagen: eine sinnvolle und langfristige Optimierung Ihrer Homepage bringt viele Vorteile mit sich: hohe Platzierung auf der SERP (Search Engine Results Page), Trafik, User, Verlinkung, Interaktionen, Feedback, potentielle Kunden. \u00a0<\/span><\/p>\n<h1 style=\"text-align: justify;\"><span style=\"color: #000080;\">Social Media<\/span><\/h1>\n<p style=\"text-align: justify;\"><a title=\"Facebook\" href=\"https:\/\/www.facebook.com\" target=\"_blank\">Facebook<\/a>, <a title=\"Google Plus\" href=\"https:\/\/plus.google.com\/\" target=\"_blank\">Google Plus<\/a>, <a title=\"Twitter\" href=\"https:\/\/twitter.com\/?lang=en\" target=\"_blank\">Twitter<\/a>, <a title=\"XING\" href=\"https:\/\/www.xing.com\/\" target=\"_blank\">XING<\/a>, <a title=\"LinkedIn\" href=\"https:\/\/www.linkedin.com\/\" target=\"_blank\">LinkedIn<\/a> <span style=\"color: #000000;\">&#8211; die Social Medien sind noch eine M\u00f6glichkeit Ihre Produkte und Dienstleistungen zu pr\u00e4sentieren. Wenn Sie sich auch f\u00fcr diesen Weg entscheiden, sollten Sie folgendes beachten &#8211; klare Definition der Zielgruppe, die Sie erreichen wollen; die richtige Kan\u00e4le f\u00fcr Ihre Zielgruppe aussuchen; Redaktionsplan erstellen; kommende Feiertage oder Feier beachten und systematisches Arbeiten &#8211; genau wie in einer Webagentur.<\/span><\/p>\n<h1 style=\"text-align: justify;\"><span style=\"color: #000080;\">App\u00a0<\/span><\/h1>\n<p style=\"text-align: justify;\"><span style=\"color: #000000;\">Android, iOS oder Windows &#8211; welche soll es sein. Oder alle 3 Betriebssysteme auf einmal? Besonders, wenn das Budget begrenzt ist, sollen Sie gut \u00fcberlegen, was Sie wirklich ben\u00f6tigen: eine eigene oder eine halbfertige App, mit oder ohne Werbebanner, mit oder ohne User-Interaktion, mit oder ohne Entwickler, wie macht man sie sichtbar, wie werden Downloads generiert&#8230;\u00a0Die Webagentur beratet Sie gerne, welche L\u00f6sung f\u00fcr Sie optimal ist.<\/span><\/p>\n<h1 style=\"text-align: justify;\"><span style=\"color: #000080;\">eLearning Plattform<\/span><\/h1>\n<p style=\"text-align: justify;\"><span style=\"color: #000000;\">Wenn Sie regelm\u00e4\u00dfig mehrere Personen erreichen wollen (z.B. Produktschulungen organisieren), ist eine Schulungsplattform oder interaktives Modul empfehlenswert &#8211; alles online und von \u00fcberall erreichbar. Mit diesem System wird das Wissen Ihrer Mannschaft verst\u00e4rkt und aktualisiert, ohne dass Sie Seminarr\u00e4ume buchen und Reisekosten \u00fcbernehmen. Nach jedem Training kann man ein Quiz einbauen, damit das Gelernte auch \u00fcberpr\u00fcft wird und bei\u00a0einem positiven Abschluss eine Auszeichnung verleihen &#8211; zum Beispiel Zertifikat. \u00a0Unkompliziert und sehr effektiv &#8211; auch unsere Webagentur veranstaltet Trainings via Internet, mit oder ohne Call-Option &#8211; jeder hat die Wahl. <\/span><\/p>\n<p style=\"text-align: justify;\"><span style=\"color: #000000;\">Fragen Sie einfach bei unseren Partnern\u00a0<a style=\"color: #000000;\" title=\"McAfee International\" href=\"http:\/\/www.mcafee.com\/\" target=\"_blank\">McAfee International<\/a> oder <a style=\"color: #000000;\" title=\"Hewlett Packard\" href=\"http:\/\/www.hp.com\" target=\"_blank\">Hewlett Packard<\/a> nach.\u00a0<\/span><\/p>\n<h1 style=\"text-align: justify;\"><span style=\"color: #000080;\">Online-L\u00f6sung\u00a0<\/span><\/h1>\n<p style=\"text-align: justify;\"><span style=\"color: #000000;\">Es ist durchaus m\u00f6glich, dass Sie eine Online-Datenbank mit einem benutzerfreundlichen Frontend brauchen. Auch hier ist es wichtig &#8211; alles was Sie brauchen &#8211; aufzulisten und gut zu \u00fcberlegen: Was will ich speichern und wissen? Ist es notwendig, dass man eventuell Daten in Echtzeit \u00fcbermittelt? Oder die Mitbewerbersituation vergleichen? Adressen und Terminkoordination? Jobdokumentation? Kundenclub? Tierarzt Praxis? Ordination? Neukundengewinnung? Ihre Agentur steuern? Datenbl\u00e4tter herunterladen? Detailinformationen herausholen? Mit anderen Firmen kommunizieren, API Schnittstellen&#8230;\u00a0\u00a0Wir wollen Sie nicht verwirren, sondern den Aufbau Ihrer Web-L\u00f6sung erleichtern. Die Reise ist leichter, wenn man das Endziel kennt! Unicomdirect\u00a0hilft Ihnen dabei!<\/span><\/p>\n","protected":false},"excerpt":{"rendered":"<p>Online erfolgreich und sichtbar im Internet mit unserer Webagentur Potenzielle Kunden online zu gewinnen, ist es schwer und kostet manchmal extrem viel Zeit &#8211; aber es ist nicht unm\u00f6glich. Passende L\u00f6sung, Plattform, Social Media Kan\u00e4le. App oder \u00fcberarbeitete Homepage &#8211; das sind keine Tricks, sondern Mittel zu Ihrem Zweck &#8211; Kunden generieren. Hier ist sind [&hellip;]<\/p>\n","protected":false},"author":1,"featured_media":0,"parent":57,"menu_order":0,"comment_status":"open","ping_status":"open","template":"page-full.php","meta":{"footnotes":""},"yoast_head":"<!-- This site is optimized with the Yoast SEO plugin v22.0 - https:\/\/yoast.com\/wordpress\/plugins\/seo\/ -->\n<title>Webagentur - unicomdirect - Discover New Horizons<\/title>\n<meta name=\"description\" content=\"Die Webagentur bietet Dienstleistungen in den Bereichen: SEO, eLearning, Training Module, LMS, App Entwicklung, Web-L\u00f6sungen, Social Media, Cloud Plattform,\" \/>\n<meta name=\"robots\" content=\"index, follow, max-snippet:-1, max-image-preview:large, max-video-preview:-1\" \/>\n<link rel=\"canonical\" href=\"https:\/\/www.unicomdirect.at\/site\/agentur-leistungen\/die-webagentur\/\" \/>\n<meta property=\"og:locale\" content=\"de_DE\" \/>\n<meta property=\"og:type\" content=\"article\" \/>\n<meta property=\"og:title\" content=\"Webagentur - unicomdirect - Discover New Horizons\" \/>\n<meta property=\"og:description\" content=\"Die Webagentur bietet Dienstleistungen in den Bereichen: SEO, eLearning, Training Module, LMS, App Entwicklung, Web-L\u00f6sungen, Social Media, Cloud Plattform,\" \/>\n<meta property=\"og:url\" content=\"https:\/\/www.unicomdirect.at\/site\/agentur-leistungen\/die-webagentur\/\" \/>\n<meta property=\"og:site_name\" content=\"unicomdirect\" \/>\n<meta property=\"article:publisher\" content=\"https:\/\/www.facebook.com\/Unicomdirect\" \/>\n<meta property=\"article:modified_time\" content=\"2015-09-07T16:12:48+00:00\" \/>\n<meta name=\"twitter:card\" content=\"summary_large_image\" \/>\n<meta name=\"twitter:site\" content=\"@unicomdirect\" \/>\n<meta name=\"twitter:label1\" content=\"Gesch\u00e4tzte Lesezeit\" \/>\n\t<meta name=\"twitter:data1\" content=\"3\u00a0Minuten\" \/>\n<script type=\"application\/ld+json\" class=\"yoast-schema-graph\">{\"@context\":\"https:\/\/schema.org\",\"@graph\":[{\"@type\":\"WebPage\",\"@id\":\"https:\/\/www.unicomdirect.at\/site\/agentur-leistungen\/die-webagentur\/\",\"url\":\"https:\/\/www.unicomdirect.at\/site\/agentur-leistungen\/die-webagentur\/\",\"name\":\"Webagentur - unicomdirect - Discover New Horizons\",\"isPartOf\":{\"@id\":\"http:\/\/www.unicomdirect.at\/site\/#website\"},\"datePublished\":\"2014-12-17T14:02:00+00:00\",\"dateModified\":\"2015-09-07T16:12:48+00:00\",\"description\":\"Die Webagentur bietet Dienstleistungen in den Bereichen: SEO, eLearning, Training Module, LMS, App Entwicklung, Web-L\u00f6sungen, Social Media, Cloud Plattform,\",\"breadcrumb\":{\"@id\":\"https:\/\/www.unicomdirect.at\/site\/agentur-leistungen\/die-webagentur\/#breadcrumb\"},\"inLanguage\":\"de\",\"potentialAction\":[{\"@type\":\"ReadAction\",\"target\":[\"https:\/\/www.unicomdirect.at\/site\/agentur-leistungen\/die-webagentur\/\"]}]},{\"@type\":\"BreadcrumbList\",\"@id\":\"https:\/\/www.unicomdirect.at\/site\/agentur-leistungen\/die-webagentur\/#breadcrumb\",\"itemListElement\":[{\"@type\":\"ListItem\",\"position\":1,\"name\":\"Home\",\"item\":\"http:\/\/www.unicomdirect.at\/site\/\"},{\"@type\":\"ListItem\",\"position\":2,\"name\":\"Agentur Leistungen\",\"item\":\"http:\/\/www.unicomdirect.at\/site\/agentur-leistungen\/\"},{\"@type\":\"ListItem\",\"position\":3,\"name\":\"Die Webagentur\"}]},{\"@type\":\"WebSite\",\"@id\":\"http:\/\/www.unicomdirect.at\/site\/#website\",\"url\":\"http:\/\/www.unicomdirect.at\/site\/\",\"name\":\"unicomdirect\",\"description\":\"&quot;Discover new horizons&quot;\",\"potentialAction\":[{\"@type\":\"SearchAction\",\"target\":{\"@type\":\"EntryPoint\",\"urlTemplate\":\"http:\/\/www.unicomdirect.at\/site\/?s={search_term_string}\"},\"query-input\":\"required name=search_term_string\"}],\"inLanguage\":\"de\"}]}<\/script>\n<!-- \/ Yoast SEO plugin. -->","yoast_head_json":{"title":"Webagentur - unicomdirect - Discover New Horizons","description":"Die Webagentur bietet Dienstleistungen in den Bereichen: SEO, eLearning, Training Module, LMS, App Entwicklung, Web-L\u00f6sungen, Social Media, Cloud Plattform,","robots":{"index":"index","follow":"follow","max-snippet":"max-snippet:-1","max-image-preview":"max-image-preview:large","max-video-preview":"max-video-preview:-1"},"canonical":"https:\/\/www.unicomdirect.at\/site\/agentur-leistungen\/die-webagentur\/","og_locale":"de_DE","og_type":"article","og_title":"Webagentur - unicomdirect - Discover New Horizons","og_description":"Die Webagentur bietet Dienstleistungen in den Bereichen: SEO, eLearning, Training Module, LMS, App Entwicklung, Web-L\u00f6sungen, Social Media, Cloud Plattform,","og_url":"https:\/\/www.unicomdirect.at\/site\/agentur-leistungen\/die-webagentur\/","og_site_name":"unicomdirect","article_publisher":"https:\/\/www.facebook.com\/Unicomdirect","article_modified_time":"2015-09-07T16:12:48+00:00","twitter_card":"summary_large_image","twitter_site":"@unicomdirect","twitter_misc":{"Gesch\u00e4tzte Lesezeit":"3\u00a0Minuten"},"schema":{"@context":"https:\/\/schema.org","@graph":[{"@type":"WebPage","@id":"https:\/\/www.unicomdirect.at\/site\/agentur-leistungen\/die-webagentur\/","url":"https:\/\/www.unicomdirect.at\/site\/agentur-leistungen\/die-webagentur\/","name":"Webagentur - unicomdirect - Discover New Horizons","isPartOf":{"@id":"http:\/\/www.unicomdirect.at\/site\/#website"},"datePublished":"2014-12-17T14:02:00+00:00","dateModified":"2015-09-07T16:12:48+00:00","description":"Die Webagentur bietet Dienstleistungen in den Bereichen: SEO, eLearning, Training Module, LMS, App Entwicklung, Web-L\u00f6sungen, Social Media, Cloud Plattform,","breadcrumb":{"@id":"https:\/\/www.unicomdirect.at\/site\/agentur-leistungen\/die-webagentur\/#breadcrumb"},"inLanguage":"de","potentialAction":[{"@type":"ReadAction","target":["https:\/\/www.unicomdirect.at\/site\/agentur-leistungen\/die-webagentur\/"]}]},{"@type":"BreadcrumbList","@id":"https:\/\/www.unicomdirect.at\/site\/agentur-leistungen\/die-webagentur\/#breadcrumb","itemListElement":[{"@type":"ListItem","position":1,"name":"Home","item":"http:\/\/www.unicomdirect.at\/site\/"},{"@type":"ListItem","position":2,"name":"Agentur Leistungen","item":"http:\/\/www.unicomdirect.at\/site\/agentur-leistungen\/"},{"@type":"ListItem","position":3,"name":"Die Webagentur"}]},{"@type":"WebSite","@id":"http:\/\/www.unicomdirect.at\/site\/#website","url":"http:\/\/www.unicomdirect.at\/site\/","name":"unicomdirect","description":"&quot;Discover new horizons&quot;","potentialAction":[{"@type":"SearchAction","target":{"@type":"EntryPoint","urlTemplate":"http:\/\/www.unicomdirect.at\/site\/?s={search_term_string}"},"query-input":"required name=search_term_string"}],"inLanguage":"de"}]}},"_links":{"self":[{"href":"https:\/\/www.unicomdirect.at\/site\/wp-json\/wp\/v2\/pages\/90"}],"collection":[{"href":"https:\/\/www.unicomdirect.at\/site\/wp-json\/wp\/v2\/pages"}],"about":[{"href":"https:\/\/www.unicomdirect.at\/site\/wp-json\/wp\/v2\/types\/page"}],"author":[{"embeddable":true,"href":"https:\/\/www.unicomdirect.at\/site\/wp-json\/wp\/v2\/users\/1"}],"replies":[{"embeddable":true,"href":"https:\/\/www.unicomdirect.at\/site\/wp-json\/wp\/v2\/comments?post=90"}],"version-history":[{"count":1,"href":"https:\/\/www.unicomdirect.at\/site\/wp-json\/wp\/v2\/pages\/90\/revisions"}],"predecessor-version":[{"id":1118,"href":"https:\/\/www.unicomdirect.at\/site\/wp-json\/wp\/v2\/pages\/90\/revisions\/1118"}],"up":[{"embeddable":true,"href":"https:\/\/www.unicomdirect.at\/site\/wp-json\/wp\/v2\/pages\/57"}],"wp:attachment":[{"href":"https:\/\/www.unicomdirect.at\/site\/wp-json\/wp\/v2\/media?parent=90"}],"curies":[{"name":"wp","href":"https:\/\/api.w.org\/{rel}","templated":true}]}}