{"id":87,"date":"2014-12-17T14:01:17","date_gmt":"2014-12-17T14:01:17","guid":{"rendered":"http:\/\/unicom.designadventures.at\/wordpress\/?page_id=87"},"modified":"2015-09-07T18:13:29","modified_gmt":"2015-09-07T16:13:29","slug":"sales-sales-sales","status":"publish","type":"page","link":"https:\/\/www.unicomdirect.at\/site\/agentur-leistungen\/sales-sales-sales\/","title":{"rendered":"Sales, sales, sales!"},"content":{"rendered":"<h1 style=\"text-align: left;\"><span style=\"color: #000080;\">Verkaufsf\u00f6rderung &#8211; agieren &amp;\u00a0berichten direkt am Point of Sale\u00a0<\/span><\/h1>\n<p style=\"text-align: justify;\">Kundenorientiertes Handeln, das richtige Konzept und ein gut eingespieltes Team garantieren eine optimale Umsatzsteigerung Ihrer Produkte und Leistungen.<\/p>\n<h1 style=\"text-align: justify;\"><span style=\"color: #000080;\">Sales Promotion<\/span><\/h1>\n<p style=\"text-align: justify;\">Seit \u00fcber 23 Jahren verkaufen wir Produkte und Dienstleistungen!\u00a0Durch die pers\u00f6nliche Auswahl der Promotoren in Bezug\u00a0auf\u00a0technisches Verst\u00e4ndnis, P\u00fcnktlichkeit, Ausdrucksf\u00e4higkeit, Bildungshintergrund, Auftreten\u00a0und\u00a0pers\u00f6nliche Dynamik\u00a0unterscheiden sich unsere\u00a0Teams von anderen. Wir setzen ortsans\u00e4ssige Mitarbeiter\u00a0ein, die mit den \u00f6rtlichen Gegebenheiten nicht nur sehr gut vertraut sind, sondern auch eine kostspielige Anreise einsparen.\u00a0Die Organisation Ihrer Kampagne\u00a0l\u00e4uft mit eigener Leitung \u00fcber\u00a0Bundesl\u00e4nder-Teams\u00a0und mindestens zwei\u00a0zentralen Ansprechpartnern\u00a0in Wien. Die Mitarbeiter tragen nach ihrem Einsatz ihren Verkaufserfolg, Konkurrenzbeobachtungen und vieles mehr in unser Reportingsystem\u00a0ein. Dadurch wird eine\u00a0topaktuelle, t\u00e4gliche Auswertung\u00a0m\u00f6glich.\u00a0Regelm\u00e4\u00dfige\u00a0und motivierende\u00a0Verkaufsschulungen und\u00a0eLearning-Module\u00a0sorgen f\u00fcr den richtigen Impuls und &#8222;up to date&#8220; \u00a0Wissen.<\/p>\n<h1 style=\"text-align: justify;\"><span style=\"color: #000080;\">Merchandising<\/span><\/h1>\n<p style=\"text-align: justify;\">Hohe Verf\u00fcgbarkeit, gef\u00fcllte Regale und perfekte Werbemittelplatzierung. Unsere Marktbetreuer sind den ersten Kontakt zum Reinverkauf, Goodwill-Builder, sowie Logistik- und Rackoptimierer, sowie Beschwerdestelle und Ihre erste Servicehotline.\u00a0Optimale Bestellvorschl\u00e4ge, Storno- und Retourenverarbeitung, Lager- und Liefercheck, umsatzoptimierte Planogramme und die Umsetzung moderner Shop in Shop Konzepte sind f\u00fcr uns allt\u00e4glich.\u00a0Unsere Merchandiser kennen die Retail-M\u00e4rkte sowie deren Mitarbeiter sehr genau; wissen, was ein Bestellsystem ist und wie man die Sales antreibt.<\/p>\n<h1><span style=\"color: #000080;\">Extended Sales Force<\/span><\/h1>\n<p style=\"text-align: justify;\"><span style=\"color: #000000;\">Unicomdirect ist keine Agentur f\u00fcr Personalvermittlung. Wir planen, organisieren und steuern die Vertriebsmannschaft, liefern\u00a0Auswertungen,\u00a0Verkaufsberichte, Benchmarking\u00a0und Analysen, sowie die gesamte Abwicklung jedes Arbeitsverh\u00e4ltnisses. Die Bereitstellung eines modernen, technischen Equipments inkl. ad\u00e4quatem Fahrzeug ist f\u00fcr uns selbstverst\u00e4ndlich. Die Zentrale und die Au\u00dfendienstmitarbeiter kommunizieren miteinander via <a style=\"color: #000000;\" title=\"SalesAdmin \" href=\"https:\/\/play.google.com\/store\/apps\/details?id=biz.salesadmin.app\" target=\"_blank\">SalesAdmin<\/a>\u00a0(Android Beta) &#8211; eine Business App entwickelt in Zusammenarbeit mit unserem IT Partner <a style=\"color: #000000;\" title=\"Bucons Consulting\" href=\"http:\/\/www.bucons.com\" target=\"_blank\">Bucons Consulting GmbH<\/a>. &#8211; Sales-F\u00f6rderung einer neuen Generation.<\/span><\/p>\n<h1 style=\"text-align: justify;\"><span style=\"color: #000080;\">Below-the-line Leistungen<\/span><\/h1>\n<p style=\"text-align: justify;\">Unicomdirect ist\u00a0eine Full Service Agentur, die alle nicht-klassischen Kommunikations- und Werbema\u00dfnahmen kennt und verwendet. Die Gesamtheit der Ma\u00dfnahmen zur Unterst\u00fctzung\u00a0des Verkaufs kennt (fast) keinen Grenzen:<\/p>\n<ul>\n<li style=\"text-align: justify;\"><span style=\"color: #000000;\">Gewinnspiele<\/span><\/li>\n<li style=\"text-align: justify;\"><span style=\"color: #000000;\">Eventmarketing<\/span><\/li>\n<li style=\"text-align: justify;\"><span style=\"color: #000000;\">Social Media Marketing<\/span><\/li>\n<li style=\"text-align: justify;\"><span style=\"color: #000000;\">Guerilla-Marketing<\/span><\/li>\n<li style=\"text-align: justify;\"><span style=\"color: #000000;\">Blog \/ Redaktionelle Beitr\u00e4ge<\/span><\/li>\n<li style=\"text-align: justify;\"><span style=\"color: #000000;\">Sampling<\/span><\/li>\n<li style=\"text-align: justify;\"><span style=\"color: #000000;\">Sponsoring<\/span><\/li>\n<\/ul>\n","protected":false},"excerpt":{"rendered":"<p>Verkaufsf\u00f6rderung &#8211; agieren &amp;\u00a0berichten direkt am Point of Sale\u00a0 Kundenorientiertes Handeln, das richtige Konzept und ein gut eingespieltes Team garantieren eine optimale Umsatzsteigerung Ihrer Produkte und Leistungen. Sales Promotion Seit \u00fcber 23 Jahren verkaufen wir Produkte und Dienstleistungen!\u00a0Durch die pers\u00f6nliche Auswahl der Promotoren in Bezug\u00a0auf\u00a0technisches Verst\u00e4ndnis, P\u00fcnktlichkeit, Ausdrucksf\u00e4higkeit, Bildungshintergrund, Auftreten\u00a0und\u00a0pers\u00f6nliche Dynamik\u00a0unterscheiden sich unsere\u00a0Teams von anderen. [&hellip;]<\/p>\n","protected":false},"author":1,"featured_media":0,"parent":57,"menu_order":0,"comment_status":"open","ping_status":"open","template":"page-full.php","meta":{"footnotes":""},"yoast_head":"<!-- This site is optimized with the Yoast SEO plugin v22.0 - https:\/\/yoast.com\/wordpress\/plugins\/seo\/ -->\n<title>Sales, Sales, Sales - unicomdirect - Discover New Horizons<\/title>\n<meta name=\"description\" content=\"Wir sind Sales! und bieten Verkaufsf\u00f6rderung, Promotion, Merchandising, Au\u00dfendienst, Reporting, Produktschulungen, eLearning Systeme, Guerilla-Marketing an.\" \/>\n<meta name=\"robots\" content=\"index, follow, max-snippet:-1, max-image-preview:large, max-video-preview:-1\" \/>\n<link rel=\"canonical\" href=\"http:\/\/www.unicomdirect.at\/site\/agentur-leistungen\/sales-sales-sales\/\" \/>\n<meta property=\"og:locale\" content=\"de_DE\" \/>\n<meta property=\"og:type\" content=\"article\" \/>\n<meta property=\"og:title\" content=\"Sales, Sales, Sales - unicomdirect - Discover New Horizons\" \/>\n<meta property=\"og:description\" content=\"Wir sind Sales! und bieten Verkaufsf\u00f6rderung, Promotion, Merchandising, Au\u00dfendienst, Reporting, Produktschulungen, eLearning Systeme, Guerilla-Marketing an.\" \/>\n<meta property=\"og:url\" content=\"http:\/\/www.unicomdirect.at\/site\/agentur-leistungen\/sales-sales-sales\/\" \/>\n<meta property=\"og:site_name\" content=\"unicomdirect\" \/>\n<meta property=\"article:publisher\" content=\"https:\/\/www.facebook.com\/Unicomdirect\" \/>\n<meta property=\"article:modified_time\" content=\"2015-09-07T16:13:29+00:00\" \/>\n<meta name=\"twitter:card\" content=\"summary_large_image\" \/>\n<meta name=\"twitter:site\" content=\"@unicomdirect\" \/>\n<meta name=\"twitter:label1\" content=\"Gesch\u00e4tzte Lesezeit\" \/>\n\t<meta name=\"twitter:data1\" content=\"2\u00a0Minuten\" \/>\n<script type=\"application\/ld+json\" class=\"yoast-schema-graph\">{\"@context\":\"https:\/\/schema.org\",\"@graph\":[{\"@type\":\"WebPage\",\"@id\":\"http:\/\/www.unicomdirect.at\/site\/agentur-leistungen\/sales-sales-sales\/\",\"url\":\"http:\/\/www.unicomdirect.at\/site\/agentur-leistungen\/sales-sales-sales\/\",\"name\":\"Sales, Sales, Sales - unicomdirect - Discover New Horizons\",\"isPartOf\":{\"@id\":\"http:\/\/www.unicomdirect.at\/site\/#website\"},\"datePublished\":\"2014-12-17T14:01:17+00:00\",\"dateModified\":\"2015-09-07T16:13:29+00:00\",\"description\":\"Wir sind Sales! und bieten Verkaufsf\u00f6rderung, Promotion, Merchandising, Au\u00dfendienst, Reporting, Produktschulungen, eLearning Systeme, Guerilla-Marketing an.\",\"breadcrumb\":{\"@id\":\"http:\/\/www.unicomdirect.at\/site\/agentur-leistungen\/sales-sales-sales\/#breadcrumb\"},\"inLanguage\":\"de\",\"potentialAction\":[{\"@type\":\"ReadAction\",\"target\":[\"http:\/\/www.unicomdirect.at\/site\/agentur-leistungen\/sales-sales-sales\/\"]}]},{\"@type\":\"BreadcrumbList\",\"@id\":\"http:\/\/www.unicomdirect.at\/site\/agentur-leistungen\/sales-sales-sales\/#breadcrumb\",\"itemListElement\":[{\"@type\":\"ListItem\",\"position\":1,\"name\":\"Home\",\"item\":\"http:\/\/www.unicomdirect.at\/site\/\"},{\"@type\":\"ListItem\",\"position\":2,\"name\":\"Agentur Leistungen\",\"item\":\"http:\/\/www.unicomdirect.at\/site\/agentur-leistungen\/\"},{\"@type\":\"ListItem\",\"position\":3,\"name\":\"Sales, sales, sales!\"}]},{\"@type\":\"WebSite\",\"@id\":\"http:\/\/www.unicomdirect.at\/site\/#website\",\"url\":\"http:\/\/www.unicomdirect.at\/site\/\",\"name\":\"unicomdirect\",\"description\":\"&quot;Discover new horizons&quot;\",\"potentialAction\":[{\"@type\":\"SearchAction\",\"target\":{\"@type\":\"EntryPoint\",\"urlTemplate\":\"http:\/\/www.unicomdirect.at\/site\/?s={search_term_string}\"},\"query-input\":\"required name=search_term_string\"}],\"inLanguage\":\"de\"}]}<\/script>\n<!-- \/ Yoast SEO plugin. -->","yoast_head_json":{"title":"Sales, Sales, Sales - unicomdirect - Discover New Horizons","description":"Wir sind Sales! und bieten Verkaufsf\u00f6rderung, Promotion, Merchandising, Au\u00dfendienst, Reporting, Produktschulungen, eLearning Systeme, Guerilla-Marketing an.","robots":{"index":"index","follow":"follow","max-snippet":"max-snippet:-1","max-image-preview":"max-image-preview:large","max-video-preview":"max-video-preview:-1"},"canonical":"http:\/\/www.unicomdirect.at\/site\/agentur-leistungen\/sales-sales-sales\/","og_locale":"de_DE","og_type":"article","og_title":"Sales, Sales, Sales - unicomdirect - Discover New Horizons","og_description":"Wir sind Sales! und bieten Verkaufsf\u00f6rderung, Promotion, Merchandising, Au\u00dfendienst, Reporting, Produktschulungen, eLearning Systeme, Guerilla-Marketing an.","og_url":"http:\/\/www.unicomdirect.at\/site\/agentur-leistungen\/sales-sales-sales\/","og_site_name":"unicomdirect","article_publisher":"https:\/\/www.facebook.com\/Unicomdirect","article_modified_time":"2015-09-07T16:13:29+00:00","twitter_card":"summary_large_image","twitter_site":"@unicomdirect","twitter_misc":{"Gesch\u00e4tzte Lesezeit":"2\u00a0Minuten"},"schema":{"@context":"https:\/\/schema.org","@graph":[{"@type":"WebPage","@id":"http:\/\/www.unicomdirect.at\/site\/agentur-leistungen\/sales-sales-sales\/","url":"http:\/\/www.unicomdirect.at\/site\/agentur-leistungen\/sales-sales-sales\/","name":"Sales, Sales, Sales - unicomdirect - Discover New Horizons","isPartOf":{"@id":"http:\/\/www.unicomdirect.at\/site\/#website"},"datePublished":"2014-12-17T14:01:17+00:00","dateModified":"2015-09-07T16:13:29+00:00","description":"Wir sind Sales! und bieten Verkaufsf\u00f6rderung, Promotion, Merchandising, Au\u00dfendienst, Reporting, Produktschulungen, eLearning Systeme, Guerilla-Marketing an.","breadcrumb":{"@id":"http:\/\/www.unicomdirect.at\/site\/agentur-leistungen\/sales-sales-sales\/#breadcrumb"},"inLanguage":"de","potentialAction":[{"@type":"ReadAction","target":["http:\/\/www.unicomdirect.at\/site\/agentur-leistungen\/sales-sales-sales\/"]}]},{"@type":"BreadcrumbList","@id":"http:\/\/www.unicomdirect.at\/site\/agentur-leistungen\/sales-sales-sales\/#breadcrumb","itemListElement":[{"@type":"ListItem","position":1,"name":"Home","item":"http:\/\/www.unicomdirect.at\/site\/"},{"@type":"ListItem","position":2,"name":"Agentur Leistungen","item":"http:\/\/www.unicomdirect.at\/site\/agentur-leistungen\/"},{"@type":"ListItem","position":3,"name":"Sales, sales, sales!"}]},{"@type":"WebSite","@id":"http:\/\/www.unicomdirect.at\/site\/#website","url":"http:\/\/www.unicomdirect.at\/site\/","name":"unicomdirect","description":"&quot;Discover new horizons&quot;","potentialAction":[{"@type":"SearchAction","target":{"@type":"EntryPoint","urlTemplate":"http:\/\/www.unicomdirect.at\/site\/?s={search_term_string}"},"query-input":"required name=search_term_string"}],"inLanguage":"de"}]}},"_links":{"self":[{"href":"https:\/\/www.unicomdirect.at\/site\/wp-json\/wp\/v2\/pages\/87"}],"collection":[{"href":"https:\/\/www.unicomdirect.at\/site\/wp-json\/wp\/v2\/pages"}],"about":[{"href":"https:\/\/www.unicomdirect.at\/site\/wp-json\/wp\/v2\/types\/page"}],"author":[{"embeddable":true,"href":"https:\/\/www.unicomdirect.at\/site\/wp-json\/wp\/v2\/users\/1"}],"replies":[{"embeddable":true,"href":"https:\/\/www.unicomdirect.at\/site\/wp-json\/wp\/v2\/comments?post=87"}],"version-history":[{"count":1,"href":"https:\/\/www.unicomdirect.at\/site\/wp-json\/wp\/v2\/pages\/87\/revisions"}],"predecessor-version":[{"id":1119,"href":"https:\/\/www.unicomdirect.at\/site\/wp-json\/wp\/v2\/pages\/87\/revisions\/1119"}],"up":[{"embeddable":true,"href":"https:\/\/www.unicomdirect.at\/site\/wp-json\/wp\/v2\/pages\/57"}],"wp:attachment":[{"href":"https:\/\/www.unicomdirect.at\/site\/wp-json\/wp\/v2\/media?parent=87"}],"curies":[{"name":"wp","href":"https:\/\/api.w.org\/{rel}","templated":true}]}}