{"id":66,"date":"2014-12-17T13:36:37","date_gmt":"2014-12-17T13:36:37","guid":{"rendered":"http:\/\/unicom.designadventures.at\/wordpress\/?page_id=66"},"modified":"2017-08-16T11:41:03","modified_gmt":"2017-08-16T09:41:03","slug":"impressum","status":"publish","type":"page","link":"https:\/\/www.unicomdirect.at\/site\/impressum\/","title":{"rendered":"Impressum"},"content":{"rendered":"<h2><strong>UNICOMDIRECT<\/strong><br \/>\n<strong>Werbe-und Promotionges.m.b.H.<\/strong><\/h2>\n<p>Linzerstra\u00dfe 1, Friedrich Lintner-Platz 3B<br \/>\n3003 Gablitz<br \/>\nAustria<\/p>\n<p>Tel: +43-664-9693057<br \/>\noffice@unicomdirect.at<br \/>\nwww.unicomdirect.at<\/p>\n<p>Vor unserem B\u00fcro befindet sich ein gro\u00dfer kostenloser Parkplatz.<\/p>\n<p>&nbsp;<\/p>\n<p><\/strong><strong>Hinweis gem\u00e4\u00df \u00a7 5 E-Commerce Gesetz<\/strong><\/p>\n<p>UNICOMDIRECT \u2028Werbe- und Promotionges.m.b.H.<\/p>\n<p>Gesch\u00e4ftsf\u00fchrer: Thomas Ceschka<\/p>\n<p>Gr\u00fcndungsjahr: 1992<\/p>\n<p>F\u00fcr den Inhalt verantwortlich: Thomas Ceschka<\/p>\n<p>VAT ID\/UID:\u00a0ATU62849225<\/p>\n<p>Handelsgericht\/Place of jurisdiction:\u00a0St. P\u00f6lten<\/p>\n<p>Firmenbuch\/Company Register no.: FN 282379 p<\/p>\n<p>&nbsp;<\/p>\n<p style=\"text-align: justify;\"><strong>Haftungshinweis:<\/strong> \u2028Trotz sorgf\u00e4ltiger inhaltlicher Kontrolle \u00fcbernehmen wir keine Haftung f\u00fcr die Inhalte externer Links. F\u00fcr den Inhalt der verlinkten Seiten sind ausschlie\u00dflich deren Betreiber verantwortlich.<\/p>\n<p style=\"text-align: justify;\"><strong>Gleichstellungshinweis:<\/strong> \u2028Im Sinne der leichteren Lesbarkeit sind die verwendeten Begriffe, Bezeichnungen und Funktionstitel nur in einer geschlechtlichen Formulierung ausgef\u00fchrt. Selbstverst\u00e4ndlich sind dabei jeweils beide Geschlechter gemeint. Nutzungsrechte, Inhalte, Texte und Grafiken sind Eigentum der\u00a0Unicomdirect Werbe-und Promotionges.m.b.H.<\/p>\n<p style=\"text-align: justify;\"><strong>Hinweis zu <a title=\"Google Analytics\" href=\"http:\/\/www.google.com\/analytics\/\" target=\"_blank\">Google Analytics<\/a>:<\/strong> \u2028Diese Website benutzt Google Analytics, einen Webanalysedienst der Google Inc. (\u201eGoogle\u201c). Google Analytics verwendet sog. \u201eCookies\u201c, Textdateien, die auf Ihrem Computer gespeichert werden und die eine Analyse der Benutzung der Website durch Sie erm\u00f6glicht.\u2028 Die durch den Cookie erzeugten Informationen \u00fcber Ihre Benutzung diese Website (einschlie\u00dflich Ihrer IP-Adresse) wird an einen Server von Google in den USA \u00fcbertragen und dort gespeichert. Google wird diese Informationen benutzen, um Ihre Nutzung der Website auszuwerten, um Reports \u00fcber die Websiteaktivit\u00e4ten f\u00fcr die Websitebetreiber zusammenzustellen und um weitere mit der Websitenutzung und der Internetnutzung verbundene Dienstleistungen zu erbringen.\u2028 Auch wird Google diese Informationen gegebenenfalls an Dritte \u00fcbertragen, sofern dies gesetzlich vorgeschrieben oder soweit Dritte diese Daten im Auftrag von Google verarbeiten. Google wird in keinem Fall Ihre IP-Adresse mit anderen Daten von Google in Verbindung bringen. Sie k\u00f6nnen die Installation der Cookies durch eine entsprechende Einstellung Ihrer Browser Software verhindern; wir weisen Sie jedoch darauf hin, dass Sie in diesem Fall gegebenenfalls nicht s\u00e4mtliche Funktionen dieser Website nutzen k\u00f6nnen.\u2028Durch die Nutzung dieser Website erkl\u00e4ren Sie sich mit der Bearbeitung der \u00fcber Sie erhobenen Daten durch Google in der zuvor beschriebenen Art und Weise und zu dem zuvor benannten Zweck einverstanden.<\/p>\n","protected":false},"excerpt":{"rendered":"<p>UNICOMDIRECT Werbe-und Promotionges.m.b.H. Linzerstra\u00dfe 1, Friedrich Lintner-Platz 3B 3003 Gablitz Austria Tel: +43-664-9693057 office@unicomdirect.at www.unicomdirect.at Vor unserem B\u00fcro befindet sich ein gro\u00dfer kostenloser Parkplatz. &nbsp; Hinweis gem\u00e4\u00df \u00a7 5 E-Commerce Gesetz UNICOMDIRECT \u2028Werbe- und Promotionges.m.b.H. Gesch\u00e4ftsf\u00fchrer: Thomas Ceschka Gr\u00fcndungsjahr: 1992 F\u00fcr den Inhalt verantwortlich: Thomas Ceschka VAT ID\/UID:\u00a0ATU62849225 Handelsgericht\/Place of jurisdiction:\u00a0St. P\u00f6lten Firmenbuch\/Company Register no.: [&hellip;]<\/p>\n","protected":false},"author":1,"featured_media":0,"parent":0,"menu_order":4,"comment_status":"open","ping_status":"open","template":"page-full.php","meta":{"footnotes":""},"yoast_head":"<!-- This site is optimized with the Yoast SEO plugin v22.0 - https:\/\/yoast.com\/wordpress\/plugins\/seo\/ -->\n<title>Impressum<\/title>\n<meta name=\"description\" content=\"Impressum und Kontaktdaten von Unicomdirect Werbe- und PromotiongesmbH. GF Thomas Ceschka\" \/>\n<meta name=\"robots\" content=\"index, follow, max-snippet:-1, max-image-preview:large, max-video-preview:-1\" \/>\n<link rel=\"canonical\" href=\"http:\/\/www.unicomdirect.at\/site\/impressum\/\" \/>\n<meta property=\"og:locale\" content=\"de_DE\" \/>\n<meta property=\"og:type\" content=\"article\" \/>\n<meta property=\"og:title\" content=\"Impressum\" \/>\n<meta property=\"og:description\" content=\"Impressum und Kontaktdaten von Unicomdirect Werbe- und PromotiongesmbH. GF Thomas Ceschka\" \/>\n<meta property=\"og:url\" content=\"http:\/\/www.unicomdirect.at\/site\/impressum\/\" \/>\n<meta property=\"og:site_name\" content=\"unicomdirect\" \/>\n<meta property=\"article:publisher\" content=\"https:\/\/www.facebook.com\/Unicomdirect\" \/>\n<meta property=\"article:modified_time\" content=\"2017-08-16T09:41:03+00:00\" \/>\n<meta name=\"twitter:card\" content=\"summary_large_image\" \/>\n<meta name=\"twitter:site\" content=\"@unicomdirect\" \/>\n<meta name=\"twitter:label1\" content=\"Gesch\u00e4tzte Lesezeit\" \/>\n\t<meta name=\"twitter:data1\" content=\"2\u00a0Minuten\" \/>\n<script type=\"application\/ld+json\" class=\"yoast-schema-graph\">{\"@context\":\"https:\/\/schema.org\",\"@graph\":[{\"@type\":\"WebPage\",\"@id\":\"http:\/\/www.unicomdirect.at\/site\/impressum\/\",\"url\":\"http:\/\/www.unicomdirect.at\/site\/impressum\/\",\"name\":\"Impressum\",\"isPartOf\":{\"@id\":\"http:\/\/www.unicomdirect.at\/site\/#website\"},\"datePublished\":\"2014-12-17T13:36:37+00:00\",\"dateModified\":\"2017-08-16T09:41:03+00:00\",\"description\":\"Impressum und Kontaktdaten von Unicomdirect Werbe- und PromotiongesmbH. GF Thomas Ceschka\",\"breadcrumb\":{\"@id\":\"http:\/\/www.unicomdirect.at\/site\/impressum\/#breadcrumb\"},\"inLanguage\":\"de\",\"potentialAction\":[{\"@type\":\"ReadAction\",\"target\":[\"http:\/\/www.unicomdirect.at\/site\/impressum\/\"]}]},{\"@type\":\"BreadcrumbList\",\"@id\":\"http:\/\/www.unicomdirect.at\/site\/impressum\/#breadcrumb\",\"itemListElement\":[{\"@type\":\"ListItem\",\"position\":1,\"name\":\"Home\",\"item\":\"http:\/\/www.unicomdirect.at\/site\/\"},{\"@type\":\"ListItem\",\"position\":2,\"name\":\"Impressum\"}]},{\"@type\":\"WebSite\",\"@id\":\"http:\/\/www.unicomdirect.at\/site\/#website\",\"url\":\"http:\/\/www.unicomdirect.at\/site\/\",\"name\":\"unicomdirect\",\"description\":\"&quot;Discover new horizons&quot;\",\"potentialAction\":[{\"@type\":\"SearchAction\",\"target\":{\"@type\":\"EntryPoint\",\"urlTemplate\":\"http:\/\/www.unicomdirect.at\/site\/?s={search_term_string}\"},\"query-input\":\"required name=search_term_string\"}],\"inLanguage\":\"de\"}]}<\/script>\n<!-- \/ Yoast SEO plugin. -->","yoast_head_json":{"title":"Impressum","description":"Impressum und Kontaktdaten von Unicomdirect Werbe- und PromotiongesmbH. GF Thomas Ceschka","robots":{"index":"index","follow":"follow","max-snippet":"max-snippet:-1","max-image-preview":"max-image-preview:large","max-video-preview":"max-video-preview:-1"},"canonical":"http:\/\/www.unicomdirect.at\/site\/impressum\/","og_locale":"de_DE","og_type":"article","og_title":"Impressum","og_description":"Impressum und Kontaktdaten von Unicomdirect Werbe- und PromotiongesmbH. GF Thomas Ceschka","og_url":"http:\/\/www.unicomdirect.at\/site\/impressum\/","og_site_name":"unicomdirect","article_publisher":"https:\/\/www.facebook.com\/Unicomdirect","article_modified_time":"2017-08-16T09:41:03+00:00","twitter_card":"summary_large_image","twitter_site":"@unicomdirect","twitter_misc":{"Gesch\u00e4tzte Lesezeit":"2\u00a0Minuten"},"schema":{"@context":"https:\/\/schema.org","@graph":[{"@type":"WebPage","@id":"http:\/\/www.unicomdirect.at\/site\/impressum\/","url":"http:\/\/www.unicomdirect.at\/site\/impressum\/","name":"Impressum","isPartOf":{"@id":"http:\/\/www.unicomdirect.at\/site\/#website"},"datePublished":"2014-12-17T13:36:37+00:00","dateModified":"2017-08-16T09:41:03+00:00","description":"Impressum und Kontaktdaten von Unicomdirect Werbe- und PromotiongesmbH. GF Thomas Ceschka","breadcrumb":{"@id":"http:\/\/www.unicomdirect.at\/site\/impressum\/#breadcrumb"},"inLanguage":"de","potentialAction":[{"@type":"ReadAction","target":["http:\/\/www.unicomdirect.at\/site\/impressum\/"]}]},{"@type":"BreadcrumbList","@id":"http:\/\/www.unicomdirect.at\/site\/impressum\/#breadcrumb","itemListElement":[{"@type":"ListItem","position":1,"name":"Home","item":"http:\/\/www.unicomdirect.at\/site\/"},{"@type":"ListItem","position":2,"name":"Impressum"}]},{"@type":"WebSite","@id":"http:\/\/www.unicomdirect.at\/site\/#website","url":"http:\/\/www.unicomdirect.at\/site\/","name":"unicomdirect","description":"&quot;Discover new horizons&quot;","potentialAction":[{"@type":"SearchAction","target":{"@type":"EntryPoint","urlTemplate":"http:\/\/www.unicomdirect.at\/site\/?s={search_term_string}"},"query-input":"required name=search_term_string"}],"inLanguage":"de"}]}},"_links":{"self":[{"href":"https:\/\/www.unicomdirect.at\/site\/wp-json\/wp\/v2\/pages\/66"}],"collection":[{"href":"https:\/\/www.unicomdirect.at\/site\/wp-json\/wp\/v2\/pages"}],"about":[{"href":"https:\/\/www.unicomdirect.at\/site\/wp-json\/wp\/v2\/types\/page"}],"author":[{"embeddable":true,"href":"https:\/\/www.unicomdirect.at\/site\/wp-json\/wp\/v2\/users\/1"}],"replies":[{"embeddable":true,"href":"https:\/\/www.unicomdirect.at\/site\/wp-json\/wp\/v2\/comments?post=66"}],"version-history":[{"count":8,"href":"https:\/\/www.unicomdirect.at\/site\/wp-json\/wp\/v2\/pages\/66\/revisions"}],"predecessor-version":[{"id":1224,"href":"https:\/\/www.unicomdirect.at\/site\/wp-json\/wp\/v2\/pages\/66\/revisions\/1224"}],"wp:attachment":[{"href":"https:\/\/www.unicomdirect.at\/site\/wp-json\/wp\/v2\/media?parent=66"}],"curies":[{"name":"wp","href":"https:\/\/api.w.org\/{rel}","templated":true}]}}