{"id":62,"date":"2014-12-17T13:36:13","date_gmt":"2014-12-17T13:36:13","guid":{"rendered":"http:\/\/unicom.designadventures.at\/wordpress\/?page_id=62"},"modified":"2015-09-07T18:07:16","modified_gmt":"2015-09-07T16:07:16","slug":"jobs","status":"publish","type":"page","link":"https:\/\/www.unicomdirect.at\/site\/das-unternehmen\/jobs\/","title":{"rendered":"Jobs"},"content":{"rendered":"<h2><span style=\"color: #000080;\">Jobs bei Unicomdirect<\/span><\/h2>\n<p>&nbsp;<\/p>\n<p style=\"text-align: justify;\">Jobs, Projekte und Aufgaben kommen immer wieder auf uns zu &#8211; derzeit sind leider keine offenen Stellen bei Unicomdirect\u00a0verf\u00fcgbar. Deswegen w\u00fcrden wir uns auf Ihre Initiativbewerbung (in den folgenden Bereichen) sehr freuen:<\/p>\n<ul style=\"text-align: justify;\">\n<li style=\"text-align: justify;\">Grafik &#8211; Webdesign, Homepage und kreative Kreaturen haben immer einen Job bei Unicomdirect gefunden<\/li>\n<li style=\"text-align: justify;\">Promotoren &#8211; mit oder ohne Erfahrung &#8211; die Schulung \u00fcbernehmen wir.<\/li>\n<li style=\"text-align: justify;\">App Entwickler &#8211; von Basisapps \u00fcber Stand-alone L\u00f6sungen bis Anbindung zu existierender L\u00f6sungen<\/li>\n<\/ul>\n<p style=\"text-align: justify;\">Schicken Sie uns:<\/p>\n<ul style=\"text-align: justify;\">\n<li>Ihren Lebenslauf<\/li>\n<li>Referenzprojekte &#8211; falls vorhanden<\/li>\n<li>Gerne auch Links zu Ihren Projekte wie Bildgalerie, Bewerbungsseiten, Homepages<\/li>\n<li>Eine Telefonnummer oder Email-Adresse, damit wir Sie erreichen k\u00f6nnen.<\/li>\n<\/ul>\n<p style=\"text-align: justify;\">Was muss\u00a0ein Lebenslauf auf jeden Fall beinhalten:<\/p>\n<ul>\n<li style=\"text-align: justify;\">Ihren Berufsweg \/ Ihre Berufserfahrung kann uns helfen, Sie den richtigen Mitarbeiter und Jobs aufzuteilen<\/li>\n<li style=\"text-align: justify;\">Es ist empfehlenswert, dass Sie uns vorab mitteilen wie viele Stunden Sie arbeiten wollen\/ k\u00f6nnen. Auf dieser Art und Weise entstehen keine Missverst\u00e4ndnisse mit falsch zugeteilten Stunden, M\u00e4rkten und arbeitsintensiven\u00a0Aufgaben.<\/li>\n<li style=\"text-align: justify;\">Foto ist kein Muss<\/li>\n<\/ul>\n<p style=\"text-align: justify;\">Unser Team wird Sie dann kontaktieren und m\u00f6gliche Projekte und Jobs mit Ihnen besprechen.<\/p>\n<p style=\"text-align: justify;\">Auf unseren <a title=\"Facebook - Unicomdirect\" href=\"https:\/\/www.facebook.com\/Unicomdirect\" target=\"_blank\">Facebook<\/a>, <a title=\"Google Plus - Unicomdirect\" href=\"https:\/\/plus.google.com\/+UnicomdirectAt\/posts\" target=\"_blank\">Google Plus<\/a> und <a title=\"Twitter - Unicomdirect\" href=\"https:\/\/twitter.com\/unicomdirect\" target=\"_blank\">Twitter<\/a> Seiten k\u00f6nnen Sie erfahren, welche Jobs gerade offen sind bzw. wonach wir gerade suchen. Ab und zu veranstalten wir Events \u00fcber <a title=\"XING - Unicomdirect\" href=\"https:\/\/www.xing.com\/companies\/unicomdirect\" target=\"_blank\">XING<\/a> &#8211; bitte der Gruppe folgen und wenn Sie Lust haben, einfach anmelden und vorbeischauen &#8211; alles ist m\u00f6glich!<\/p>\n<p style=\"text-align: justify;\">Bis bald!<\/p>\n<p style=\"text-align: justify;\">\n","protected":false},"excerpt":{"rendered":"<p>Jobs bei Unicomdirect &nbsp; Jobs, Projekte und Aufgaben kommen immer wieder auf uns zu &#8211; derzeit sind leider keine offenen Stellen bei Unicomdirect\u00a0verf\u00fcgbar. Deswegen w\u00fcrden wir uns auf Ihre Initiativbewerbung (in den folgenden Bereichen) sehr freuen: Grafik &#8211; Webdesign, Homepage und kreative Kreaturen haben immer einen Job bei Unicomdirect gefunden Promotoren &#8211; mit oder ohne [&hellip;]<\/p>\n","protected":false},"author":1,"featured_media":0,"parent":31,"menu_order":0,"comment_status":"open","ping_status":"open","template":"page-full.php","meta":{"footnotes":""},"yoast_head":"<!-- This site is optimized with the Yoast SEO plugin v22.0 - https:\/\/yoast.com\/wordpress\/plugins\/seo\/ -->\n<title>Jobs - unicomdirect - Discover New Horizons<\/title>\n<meta name=\"description\" content=\"Jobs, Initiativbewerbung, Wien, Agentur, \u00d6sterreich, Kreativit\u00e4t, Promotoren, Programmierer, Entwickler, App Developer, Lebenslauf, Referenzprojekte\" \/>\n<meta name=\"robots\" content=\"index, follow, max-snippet:-1, max-image-preview:large, max-video-preview:-1\" \/>\n<link rel=\"canonical\" href=\"https:\/\/www.unicomdirect.at\/site\/das-unternehmen\/jobs\/\" \/>\n<meta property=\"og:locale\" content=\"de_DE\" \/>\n<meta property=\"og:type\" content=\"article\" \/>\n<meta property=\"og:title\" content=\"Jobs - unicomdirect - Discover New Horizons\" \/>\n<meta property=\"og:description\" content=\"Jobs, Initiativbewerbung, Wien, Agentur, \u00d6sterreich, Kreativit\u00e4t, Promotoren, Programmierer, Entwickler, App Developer, Lebenslauf, Referenzprojekte\" \/>\n<meta property=\"og:url\" content=\"https:\/\/www.unicomdirect.at\/site\/das-unternehmen\/jobs\/\" \/>\n<meta property=\"og:site_name\" content=\"unicomdirect\" \/>\n<meta property=\"article:publisher\" content=\"https:\/\/www.facebook.com\/Unicomdirect\" \/>\n<meta property=\"article:modified_time\" content=\"2015-09-07T16:07:16+00:00\" \/>\n<meta name=\"twitter:card\" content=\"summary_large_image\" \/>\n<meta name=\"twitter:site\" content=\"@unicomdirect\" \/>\n<meta name=\"twitter:label1\" content=\"Gesch\u00e4tzte Lesezeit\" \/>\n\t<meta name=\"twitter:data1\" content=\"1\u00a0Minute\" \/>\n<script type=\"application\/ld+json\" class=\"yoast-schema-graph\">{\"@context\":\"https:\/\/schema.org\",\"@graph\":[{\"@type\":\"WebPage\",\"@id\":\"https:\/\/www.unicomdirect.at\/site\/das-unternehmen\/jobs\/\",\"url\":\"https:\/\/www.unicomdirect.at\/site\/das-unternehmen\/jobs\/\",\"name\":\"Jobs - unicomdirect - Discover New Horizons\",\"isPartOf\":{\"@id\":\"http:\/\/www.unicomdirect.at\/site\/#website\"},\"datePublished\":\"2014-12-17T13:36:13+00:00\",\"dateModified\":\"2015-09-07T16:07:16+00:00\",\"description\":\"Jobs, Initiativbewerbung, Wien, Agentur, \u00d6sterreich, Kreativit\u00e4t, Promotoren, Programmierer, Entwickler, App Developer, Lebenslauf, Referenzprojekte\",\"breadcrumb\":{\"@id\":\"https:\/\/www.unicomdirect.at\/site\/das-unternehmen\/jobs\/#breadcrumb\"},\"inLanguage\":\"de\",\"potentialAction\":[{\"@type\":\"ReadAction\",\"target\":[\"https:\/\/www.unicomdirect.at\/site\/das-unternehmen\/jobs\/\"]}]},{\"@type\":\"BreadcrumbList\",\"@id\":\"https:\/\/www.unicomdirect.at\/site\/das-unternehmen\/jobs\/#breadcrumb\",\"itemListElement\":[{\"@type\":\"ListItem\",\"position\":1,\"name\":\"Home\",\"item\":\"http:\/\/www.unicomdirect.at\/site\/\"},{\"@type\":\"ListItem\",\"position\":2,\"name\":\"Das Unternehmen\",\"item\":\"https:\/\/www.unicomdirect.at\/site\/das-unternehmen\/\"},{\"@type\":\"ListItem\",\"position\":3,\"name\":\"Jobs\"}]},{\"@type\":\"WebSite\",\"@id\":\"http:\/\/www.unicomdirect.at\/site\/#website\",\"url\":\"http:\/\/www.unicomdirect.at\/site\/\",\"name\":\"unicomdirect\",\"description\":\"&quot;Discover new horizons&quot;\",\"potentialAction\":[{\"@type\":\"SearchAction\",\"target\":{\"@type\":\"EntryPoint\",\"urlTemplate\":\"http:\/\/www.unicomdirect.at\/site\/?s={search_term_string}\"},\"query-input\":\"required name=search_term_string\"}],\"inLanguage\":\"de\"}]}<\/script>\n<!-- \/ Yoast SEO plugin. -->","yoast_head_json":{"title":"Jobs - unicomdirect - Discover New Horizons","description":"Jobs, Initiativbewerbung, Wien, Agentur, \u00d6sterreich, Kreativit\u00e4t, Promotoren, Programmierer, Entwickler, App Developer, Lebenslauf, Referenzprojekte","robots":{"index":"index","follow":"follow","max-snippet":"max-snippet:-1","max-image-preview":"max-image-preview:large","max-video-preview":"max-video-preview:-1"},"canonical":"https:\/\/www.unicomdirect.at\/site\/das-unternehmen\/jobs\/","og_locale":"de_DE","og_type":"article","og_title":"Jobs - unicomdirect - Discover New Horizons","og_description":"Jobs, Initiativbewerbung, Wien, Agentur, \u00d6sterreich, Kreativit\u00e4t, Promotoren, Programmierer, Entwickler, App Developer, Lebenslauf, Referenzprojekte","og_url":"https:\/\/www.unicomdirect.at\/site\/das-unternehmen\/jobs\/","og_site_name":"unicomdirect","article_publisher":"https:\/\/www.facebook.com\/Unicomdirect","article_modified_time":"2015-09-07T16:07:16+00:00","twitter_card":"summary_large_image","twitter_site":"@unicomdirect","twitter_misc":{"Gesch\u00e4tzte Lesezeit":"1\u00a0Minute"},"schema":{"@context":"https:\/\/schema.org","@graph":[{"@type":"WebPage","@id":"https:\/\/www.unicomdirect.at\/site\/das-unternehmen\/jobs\/","url":"https:\/\/www.unicomdirect.at\/site\/das-unternehmen\/jobs\/","name":"Jobs - unicomdirect - Discover New Horizons","isPartOf":{"@id":"http:\/\/www.unicomdirect.at\/site\/#website"},"datePublished":"2014-12-17T13:36:13+00:00","dateModified":"2015-09-07T16:07:16+00:00","description":"Jobs, Initiativbewerbung, Wien, Agentur, \u00d6sterreich, Kreativit\u00e4t, Promotoren, Programmierer, Entwickler, App Developer, Lebenslauf, Referenzprojekte","breadcrumb":{"@id":"https:\/\/www.unicomdirect.at\/site\/das-unternehmen\/jobs\/#breadcrumb"},"inLanguage":"de","potentialAction":[{"@type":"ReadAction","target":["https:\/\/www.unicomdirect.at\/site\/das-unternehmen\/jobs\/"]}]},{"@type":"BreadcrumbList","@id":"https:\/\/www.unicomdirect.at\/site\/das-unternehmen\/jobs\/#breadcrumb","itemListElement":[{"@type":"ListItem","position":1,"name":"Home","item":"http:\/\/www.unicomdirect.at\/site\/"},{"@type":"ListItem","position":2,"name":"Das Unternehmen","item":"https:\/\/www.unicomdirect.at\/site\/das-unternehmen\/"},{"@type":"ListItem","position":3,"name":"Jobs"}]},{"@type":"WebSite","@id":"http:\/\/www.unicomdirect.at\/site\/#website","url":"http:\/\/www.unicomdirect.at\/site\/","name":"unicomdirect","description":"&quot;Discover new horizons&quot;","potentialAction":[{"@type":"SearchAction","target":{"@type":"EntryPoint","urlTemplate":"http:\/\/www.unicomdirect.at\/site\/?s={search_term_string}"},"query-input":"required name=search_term_string"}],"inLanguage":"de"}]}},"_links":{"self":[{"href":"https:\/\/www.unicomdirect.at\/site\/wp-json\/wp\/v2\/pages\/62"}],"collection":[{"href":"https:\/\/www.unicomdirect.at\/site\/wp-json\/wp\/v2\/pages"}],"about":[{"href":"https:\/\/www.unicomdirect.at\/site\/wp-json\/wp\/v2\/types\/page"}],"author":[{"embeddable":true,"href":"https:\/\/www.unicomdirect.at\/site\/wp-json\/wp\/v2\/users\/1"}],"replies":[{"embeddable":true,"href":"https:\/\/www.unicomdirect.at\/site\/wp-json\/wp\/v2\/comments?post=62"}],"version-history":[{"count":2,"href":"https:\/\/www.unicomdirect.at\/site\/wp-json\/wp\/v2\/pages\/62\/revisions"}],"predecessor-version":[{"id":1113,"href":"https:\/\/www.unicomdirect.at\/site\/wp-json\/wp\/v2\/pages\/62\/revisions\/1113"}],"up":[{"embeddable":true,"href":"https:\/\/www.unicomdirect.at\/site\/wp-json\/wp\/v2\/pages\/31"}],"wp:attachment":[{"href":"https:\/\/www.unicomdirect.at\/site\/wp-json\/wp\/v2\/media?parent=62"}],"curies":[{"name":"wp","href":"https:\/\/api.w.org\/{rel}","templated":true}]}}