{"id":1059,"date":"2015-09-01T16:28:01","date_gmt":"2015-09-01T14:28:01","guid":{"rendered":"http:\/\/www.unicomdirect.at\/site\/?page_id=1059"},"modified":"2015-10-21T13:14:18","modified_gmt":"2015-10-21T11:14:18","slug":"seo-tipps","status":"publish","type":"page","link":"https:\/\/www.unicomdirect.at\/site\/seo-tipps\/","title":{"rendered":"SEO Tipps"},"content":{"rendered":"<h1 style=\"text-align: justify;\">Suchmaschinenoptimierung &#8211; Definition<\/h1>\n<p style=\"text-align: justify;\"><a title=\"Wikipedia - SEO\" href=\"https:\/\/de.wikipedia.org\/wiki\/Suchmaschinenoptimierung\" target=\"_blank\">Wikipedia<\/a>\u00a0informiert: <em>&#8222;<b>Suchmaschinenoptimierung<\/b> oder <b>SEO<\/b> (von Englisch\u00a0search engine optimization) bezeichnet Ma\u00dfnahmen, die dazu dienen, dass Webseite\u00a0im organischen Suchmaschinenranking\u00a0in den unbezahlten Suchergebnissen (<a title=\"Natural Listings\" href=\"https:\/\/de.wikipedia.org\/wiki\/Natural_Listings\" target=\"_blank\">Natural Listings<\/a>) auf h\u00f6heren Pl\u00e4tzen erscheinen.&#8220; \u00a0<\/em>oder anders formuliert &#8222;Wie werde ich besser Platziert\u00a0bei den Suchmaschinen?&#8220; Man soll Folgendes beachten &#8211; es gibt ungef\u00e4hr 40 (vierzig) Kriterien, die eine Internetseite nach oben &#8222;pushen&#8220;\/ platzieren. \u00a0Beginnend mit 07. September 2015 werden wir zu jedem Punkt auf unserer Liste ein paar Worte schreiben. Hilfreiche B\u00fccher, Artikel oder interaktive Trainings und Videos werden auch auf dieser Seite\u00a0ver\u00f6ffentlicht.<\/p>\n<h2 style=\"text-align: justify;\">SEO Tipps von Unicomdirect &#8211; Teil 1<\/h2>\n<p style=\"text-align: justify;\">Die folgenden Punkte sollen bei kleinen \u00c4nderungen und Updates als Unterst\u00fctzung dienen. Wir werden diese Liste mit der Zeit erweitern und aktualisieren. Bei Fragen zum Thema SEO stehen wir gern zur Verf\u00fcgung. Im ersten Teil besprechen wir allgemeine Einstellungen und Begriffe mit gro\u00dfer Bedeutung f\u00fcr die Suchmaschinenoptimierung.<\/p>\n<ul>\n<li style=\"text-align: justify;\"><strong><span style=\"text-decoration: underline;\">Homepage Aufbau<\/span><\/strong>\u00a0(Neue Seite) &#8211; Wenn man haupts\u00e4chlich im Internet nach neuen Kunden sucht, soll man sich die folgende Frage stellen: &#8222;Welche Informationen will ich mit meiner Homepage \u00fcbermitteln?&#8220; &#8211; zum Beispiel ein einzigartiges Produkt oder hervorragende Dienstleistung. Nachdem es fest steht &#8222;was?&#8220;, kommt die Frage &#8222;Wie pr\u00e4sentiere ich meine Leistung?&#8220; und &#8222;Warum sollen sich die Kunden f\u00fcr mich entscheiden?&#8220;. Sehr oft wird die letzte Frage oft ignoriert und eine\u00a0Homepage wird mit allgemeinen Informationen bef\u00fchlt. Beispiele und Referenzen wie das jeweilige Unternehmen arbeitet &#8211; fehlen sehr oft. Wenn Sie im Markt stehen und nach bestimmten Produkten suchen, wollen Sie nur das &#8222;Beste&#8220; Preis-Leistungsverh\u00e4ltnis &#8211; oder? Sie lassen sich informieren, recherchieren und kaufen nur das Produkt, das f\u00fcr Sie von Bedeutung ist. Wenn Sie mit dem Aufbau des Online-Auftrittes beginnen (oder Sie wollen die bestehende Homepage \u00fcberarbeiten), schauen Sie sich im Internet um und sammeln Sie ein paar Ideen.<\/li>\n<li style=\"text-align: justify;\"><span style=\"text-decoration: underline;\"><strong>Mitbewerber-Vergleich\u00a0<\/strong><\/span>\u00a0(Neue Seite) &#8211; Internetseiten mit einem Nischen-Produkt oder einzigartiger Dienstleistung sind im Vergleich zu &#8222;Allgemeinen Seiten&#8220; leichter zu optimieren. Sollte aber ein Unternehmen \u00e4hnliches Services wie Andere anbieten, ist es empfehlenswert die Mitbewerber zu vergleichen &#8211; wie wurde ihre Homepage aufgebaut, welche Key Words angelegt, sind die Texte gut geschrieben, mit welchen anderen Seiten sind sie verlinkt, sind Social Media Kommunikationskan\u00e4le vorhanden, l\u00e4uft eine\u00a0bezahlte Kampagne parallel usw. Wie vorher erw\u00e4hnt &#8211; durchaus m\u00f6glich, dass die eine oder andere Idee dazu kommt und den Kreativprozess unterst\u00fctzt.<\/li>\n<li style=\"text-align: justify;\"><strong><span style=\"text-decoration: underline;\">Domain Name<\/span><\/strong>\u00a0(Neue Seite) &#8211; Man soll bei dem Namen seiner Homepage extrem gut \u00fcberlegen. Eine Homepage, die alte Autos verkauft, soll nach Namen wie &#8222;Alte Autos&#8220;, &#8222;Verbrauchte Autos&#8220; und nicht nach Namen wie &#8222;Perfekte Preise&#8220; streben. Die T\u00e4tigkeit\/ Das Thema\/ Die Dienstleistung soll schon im Namen zu erkennen sein, damit der User schneller eine Seite identifizieren kann. Dadurch punktet man auch bei den Suchmaschinen und unterst\u00fctzt die Optimierung der Seite. Ein Tierarzt soll seine Seite mit der Berufsbezeichnung und nicht mit abstrakten Begriffen und Ideen, die nur ein Tierarzt versteht, koppeln.<\/li>\n<li style=\"text-align: justify;\"><strong><span style=\"text-decoration: underline;\">Ladezeit<\/span><\/strong>\u00a0(Bestehende Seite) &#8211; Suchmaschinen indexieren t\u00e4glich Millionen von Seiten und stufen jede Homepage nach bestimmten Kriterien ein. Ein sehr wichtiger Faktor dabei ist die Ladezeit bzw. wie lange braucht ein User bis eine gew\u00fcnschte Seite auf seinem Display zu sehen\u00a0ist. Gro\u00dfe und aufw\u00e4ndige Bilder\/ Grafiken tuen der Ladezeit keinen Gefallen &#8211; nicht vergessen die Bilder zu optimieren\/ minimieren. Ein anderer Grund f\u00fcr lange Ladezeit kann auch das Homepage-Template sein und man soll JavaScript und CSS nicht vergessen. Ob man den Code minimieren\/ ausbessern soll, erf\u00e4hrt man auf der Google-Seite von <a title=\"Page Insights \" href=\"https:\/\/developers.google.com\/speed\/pagespeed\/insights\/\" target=\"_blank\">Page-Insights<\/a>\u00a0&#8211; mit diesem kostenlosen Tool erf\u00e4hrt man sehr schnell welchen Bereiche der Homepage &#8222;Aufmerksamkeit&#8220; braucht.<\/li>\n<li style=\"text-align: justify;\"><span style=\"text-decoration: underline;\"><strong>Verlinkungen<\/strong><\/span>\u00a0(Bestehende Seite) &#8211; Wer redet \u00fcber eine bestimmte Homepage? Wie oft? Was wird diskutiert? Wie oft wird ein Inhalt weitergeleitet? &#8211; das alles sind Fragen, die f\u00fcr alle Suchmaschinen von essentieller Bedeutung sind. Das ist auch einer der wichtigsten SEO Tipps bei OffPage Aktualisierung. Google, Bing, Yahoo, Yandex usw. liefern in der Regel die meist geteilten Informationen \/Suchergebnisse. Das ist auch der Grund warum Seiten mit kaum Inhalt extrem gute Positionen in der SERP bekommen.<\/li>\n<li style=\"text-align: justify;\"><span style=\"text-decoration: underline;\"><strong>Domain-Alter<\/strong><\/span>\u00a0&#8211; \u00a0Suchmaschinen bevorzugen etablierte Strukturen mit vielen Backlinks und ohne &#8222;Straftaten&#8220; &#8211; ein einfaches Beispiel: Google erkennt beim Crawlen, wann eine Domain entdeckt wurde und speichert in seinen Register das Datum als &#8222;Entdeckungstag&#8220;. Nach einer gewisser Zeit wird die Seite von Google Bots wieder besucht (gecrawlt) und wenn die Domain noch da ist, kriegt sie Plus Punkte, die kombiniert mit den anderen Faktoren das Ranking verbessern. \u00a0Je \u00e4lter eine Domain ist, desto h\u00f6her wird sie im SERP\u00a0platziert.<\/li>\n<li style=\"text-align: justify;\"><span style=\"text-decoration: underline;\"><strong>Responsive Design<\/strong><\/span> &#8211;\u00a0Wir arbeiten an Laptops, Desktop PCs. Tablets, Smartphones \u2013 die Gr\u00f6\u00dfe und Aufl\u00f6sung variieren erheblich. Deswegen ist es wichtig eine Homepage f\u00fcr alle Displays richtig zu gestalten sowohl grafisch als auch technisch.<\/li>\n<li style=\"text-align: justify;\">Google Trends<\/li>\n<li style=\"text-align: justify;\">Text-Aktualisierung und Redaktionsplan<\/li>\n<li style=\"text-align: justify;\">Partner Netzwerk aufbauen<\/li>\n<li style=\"text-align: justify;\">Referenzprojekte auflisten<\/li>\n<li style=\"text-align: justify;\">Google Analytics<\/li>\n<li style=\"text-align: justify;\">Sitemap<\/li>\n<li style=\"text-align: justify;\">Webmaster Tools &#8211; Google und Bing<\/li>\n<li style=\"text-align: justify;\">Webmaster Academy<\/li>\n<li style=\"text-align: justify;\">Social Media &#8211; Verlinkungen, Teilen und wor\u00fcber die Menschen reden<\/li>\n<li style=\"text-align: justify;\">SEO Checklist<\/li>\n<li style=\"text-align: justify;\">Literatur<\/li>\n<\/ul>\n<h2><\/h2>\n<h2>SEO Tipps von Unicomdirect &#8211; Teil 2<\/h2>\n<p>In diesem Teil konzentrieren wir uns auf eine\u00a0neue Stufe der Suchmaschinen Optimierung &#8211; arbeiten mit WordPress und mit hilfreichen WordPress Plugins.<\/p>\n<ul>\n<li>BackWPup<\/li>\n<li>Akismet<\/li>\n<li>Alexa Internet<\/li>\n<li>Autoptimize<\/li>\n<li>Insert Header and Footer<\/li>\n<li>Yoast SEO<\/li>\n<li>Leverage Browser Cache &#8211; Fokus auf Ninjas<\/li>\n<li>Smush \/ ewww<\/li>\n<li>P3 Performance Profile<\/li>\n<li>Courses und Literatur<\/li>\n<\/ul>\n<h2><\/h2>\n<h2>SEO Tipps von Unicomdirect &#8211; Teil 3<\/h2>\n<p>Abschlie\u00dfend bef\u00fcllen wir folgende Tools:<\/p>\n<ul>\n<li>Searchmetrix<\/li>\n<li>Moz.Blog<\/li>\n<li>Majestix<\/li>\n<li>Page Insights<\/li>\n<li>SEO Tipps von Google<\/li>\n<li>Online Courses und Literatur<\/li>\n<\/ul>\n<p>Wichtig ist, dass vorher Teil 1 und Teil 2 der SEO Tipps schon umgesetzt wurden.<\/p>\n","protected":false},"excerpt":{"rendered":"<p>Suchmaschinenoptimierung &#8211; Definition Wikipedia\u00a0informiert: &#8222;Suchmaschinenoptimierung oder SEO (von Englisch\u00a0search engine optimization) bezeichnet Ma\u00dfnahmen, die dazu dienen, dass Webseite\u00a0im organischen Suchmaschinenranking\u00a0in den unbezahlten Suchergebnissen (Natural Listings) auf h\u00f6heren Pl\u00e4tzen erscheinen.&#8220; \u00a0oder anders formuliert &#8222;Wie werde ich besser Platziert\u00a0bei den Suchmaschinen?&#8220; Man soll Folgendes beachten &#8211; es gibt ungef\u00e4hr 40 (vierzig) Kriterien, die eine Internetseite nach oben [&hellip;]<\/p>\n","protected":false},"author":1,"featured_media":287,"parent":0,"menu_order":0,"comment_status":"closed","ping_status":"closed","template":"page-full.php","meta":{"footnotes":""},"yoast_head":"<!-- This site is optimized with the Yoast SEO plugin v22.0 - https:\/\/yoast.com\/wordpress\/plugins\/seo\/ -->\n<title>SEO Tipps - unicomdirect - Discover New Horizons<\/title>\n<meta name=\"description\" content=\"Hier beschreiben wir kurz worauf wir achten, wenn wir \u00fcber Suchmaschinenoptimierung reden. Die SEO Tipps werden immer wieder erweitert und aktualisiert.\" \/>\n<meta name=\"robots\" content=\"index, follow, max-snippet:-1, max-image-preview:large, max-video-preview:-1\" \/>\n<link rel=\"canonical\" href=\"https:\/\/www.unicomdirect.at\/site\/seo-tipps\/\" \/>\n<meta property=\"og:locale\" content=\"de_DE\" \/>\n<meta property=\"og:type\" content=\"article\" \/>\n<meta property=\"og:title\" content=\"SEO Tipps - unicomdirect - Discover New Horizons\" \/>\n<meta property=\"og:description\" content=\"Hier beschreiben wir kurz worauf wir achten, wenn wir \u00fcber Suchmaschinenoptimierung reden. Die SEO Tipps werden immer wieder erweitert und aktualisiert.\" \/>\n<meta property=\"og:url\" content=\"https:\/\/www.unicomdirect.at\/site\/seo-tipps\/\" \/>\n<meta property=\"og:site_name\" content=\"unicomdirect\" \/>\n<meta property=\"article:publisher\" content=\"https:\/\/www.facebook.com\/Unicomdirect\" \/>\n<meta property=\"article:modified_time\" content=\"2015-10-21T11:14:18+00:00\" \/>\n<meta property=\"og:image\" content=\"https:\/\/www.unicomdirect.at\/site\/wp-content\/uploads\/2014\/12\/clouid.jpg\" \/>\n\t<meta property=\"og:image:width\" content=\"5616\" \/>\n\t<meta property=\"og:image:height\" content=\"2172\" \/>\n\t<meta property=\"og:image:type\" content=\"image\/jpeg\" \/>\n<meta name=\"twitter:card\" content=\"summary_large_image\" \/>\n<meta name=\"twitter:site\" content=\"@unicomdirect\" \/>\n<meta name=\"twitter:label1\" content=\"Gesch\u00e4tzte Lesezeit\" \/>\n\t<meta name=\"twitter:data1\" content=\"5\u00a0Minuten\" \/>\n<script type=\"application\/ld+json\" class=\"yoast-schema-graph\">{\"@context\":\"https:\/\/schema.org\",\"@graph\":[{\"@type\":\"WebPage\",\"@id\":\"https:\/\/www.unicomdirect.at\/site\/seo-tipps\/\",\"url\":\"https:\/\/www.unicomdirect.at\/site\/seo-tipps\/\",\"name\":\"SEO Tipps - unicomdirect - Discover New Horizons\",\"isPartOf\":{\"@id\":\"http:\/\/www.unicomdirect.at\/site\/#website\"},\"datePublished\":\"2015-09-01T14:28:01+00:00\",\"dateModified\":\"2015-10-21T11:14:18+00:00\",\"description\":\"Hier beschreiben wir kurz worauf wir achten, wenn wir \u00fcber Suchmaschinenoptimierung reden. Die SEO Tipps werden immer wieder erweitert und aktualisiert.\",\"breadcrumb\":{\"@id\":\"https:\/\/www.unicomdirect.at\/site\/seo-tipps\/#breadcrumb\"},\"inLanguage\":\"de\",\"potentialAction\":[{\"@type\":\"ReadAction\",\"target\":[\"https:\/\/www.unicomdirect.at\/site\/seo-tipps\/\"]}]},{\"@type\":\"BreadcrumbList\",\"@id\":\"https:\/\/www.unicomdirect.at\/site\/seo-tipps\/#breadcrumb\",\"itemListElement\":[{\"@type\":\"ListItem\",\"position\":1,\"name\":\"Home\",\"item\":\"http:\/\/www.unicomdirect.at\/site\/\"},{\"@type\":\"ListItem\",\"position\":2,\"name\":\"SEO Tipps\"}]},{\"@type\":\"WebSite\",\"@id\":\"http:\/\/www.unicomdirect.at\/site\/#website\",\"url\":\"http:\/\/www.unicomdirect.at\/site\/\",\"name\":\"unicomdirect\",\"description\":\"&quot;Discover new horizons&quot;\",\"potentialAction\":[{\"@type\":\"SearchAction\",\"target\":{\"@type\":\"EntryPoint\",\"urlTemplate\":\"http:\/\/www.unicomdirect.at\/site\/?s={search_term_string}\"},\"query-input\":\"required name=search_term_string\"}],\"inLanguage\":\"de\"}]}<\/script>\n<!-- \/ Yoast SEO plugin. -->","yoast_head_json":{"title":"SEO Tipps - unicomdirect - Discover New Horizons","description":"Hier beschreiben wir kurz worauf wir achten, wenn wir \u00fcber Suchmaschinenoptimierung reden. Die SEO Tipps werden immer wieder erweitert und aktualisiert.","robots":{"index":"index","follow":"follow","max-snippet":"max-snippet:-1","max-image-preview":"max-image-preview:large","max-video-preview":"max-video-preview:-1"},"canonical":"https:\/\/www.unicomdirect.at\/site\/seo-tipps\/","og_locale":"de_DE","og_type":"article","og_title":"SEO Tipps - unicomdirect - Discover New Horizons","og_description":"Hier beschreiben wir kurz worauf wir achten, wenn wir \u00fcber Suchmaschinenoptimierung reden. Die SEO Tipps werden immer wieder erweitert und aktualisiert.","og_url":"https:\/\/www.unicomdirect.at\/site\/seo-tipps\/","og_site_name":"unicomdirect","article_publisher":"https:\/\/www.facebook.com\/Unicomdirect","article_modified_time":"2015-10-21T11:14:18+00:00","og_image":[{"width":5616,"height":2172,"url":"https:\/\/www.unicomdirect.at\/site\/wp-content\/uploads\/2014\/12\/clouid.jpg","type":"image\/jpeg"}],"twitter_card":"summary_large_image","twitter_site":"@unicomdirect","twitter_misc":{"Gesch\u00e4tzte Lesezeit":"5\u00a0Minuten"},"schema":{"@context":"https:\/\/schema.org","@graph":[{"@type":"WebPage","@id":"https:\/\/www.unicomdirect.at\/site\/seo-tipps\/","url":"https:\/\/www.unicomdirect.at\/site\/seo-tipps\/","name":"SEO Tipps - unicomdirect - Discover New Horizons","isPartOf":{"@id":"http:\/\/www.unicomdirect.at\/site\/#website"},"datePublished":"2015-09-01T14:28:01+00:00","dateModified":"2015-10-21T11:14:18+00:00","description":"Hier beschreiben wir kurz worauf wir achten, wenn wir \u00fcber Suchmaschinenoptimierung reden. Die SEO Tipps werden immer wieder erweitert und aktualisiert.","breadcrumb":{"@id":"https:\/\/www.unicomdirect.at\/site\/seo-tipps\/#breadcrumb"},"inLanguage":"de","potentialAction":[{"@type":"ReadAction","target":["https:\/\/www.unicomdirect.at\/site\/seo-tipps\/"]}]},{"@type":"BreadcrumbList","@id":"https:\/\/www.unicomdirect.at\/site\/seo-tipps\/#breadcrumb","itemListElement":[{"@type":"ListItem","position":1,"name":"Home","item":"http:\/\/www.unicomdirect.at\/site\/"},{"@type":"ListItem","position":2,"name":"SEO Tipps"}]},{"@type":"WebSite","@id":"http:\/\/www.unicomdirect.at\/site\/#website","url":"http:\/\/www.unicomdirect.at\/site\/","name":"unicomdirect","description":"&quot;Discover new horizons&quot;","potentialAction":[{"@type":"SearchAction","target":{"@type":"EntryPoint","urlTemplate":"http:\/\/www.unicomdirect.at\/site\/?s={search_term_string}"},"query-input":"required name=search_term_string"}],"inLanguage":"de"}]}},"_links":{"self":[{"href":"https:\/\/www.unicomdirect.at\/site\/wp-json\/wp\/v2\/pages\/1059"}],"collection":[{"href":"https:\/\/www.unicomdirect.at\/site\/wp-json\/wp\/v2\/pages"}],"about":[{"href":"https:\/\/www.unicomdirect.at\/site\/wp-json\/wp\/v2\/types\/page"}],"author":[{"embeddable":true,"href":"https:\/\/www.unicomdirect.at\/site\/wp-json\/wp\/v2\/users\/1"}],"replies":[{"embeddable":true,"href":"https:\/\/www.unicomdirect.at\/site\/wp-json\/wp\/v2\/comments?post=1059"}],"version-history":[{"count":49,"href":"https:\/\/www.unicomdirect.at\/site\/wp-json\/wp\/v2\/pages\/1059\/revisions"}],"predecessor-version":[{"id":1207,"href":"https:\/\/www.unicomdirect.at\/site\/wp-json\/wp\/v2\/pages\/1059\/revisions\/1207"}],"wp:featuredmedia":[{"embeddable":true,"href":"https:\/\/www.unicomdirect.at\/site\/wp-json\/wp\/v2\/media\/287"}],"wp:attachment":[{"href":"https:\/\/www.unicomdirect.at\/site\/wp-json\/wp\/v2\/media?parent=1059"}],"curies":[{"name":"wp","href":"https:\/\/api.w.org\/{rel}","templated":true}]}}